{"id":2302,"date":"2020-06-22T21:37:36","date_gmt":"2020-06-22T21:37:36","guid":{"rendered":"http:\/\/pureazores.com\/?page_id=2302"},"modified":"2020-06-22T22:42:23","modified_gmt":"2020-06-22T22:42:23","slug":"privacidade","status":"publish","type":"page","link":"https:\/\/pureazores.com\/pt\/privacidade\/","title":{"rendered":"Pol\u00edtica de Privacidade"},"content":{"rendered":"<body><p>A Pure Azores leva a privacidade da sua informa\u00e7\u00e3o pessoal muito a s\u00e9rio, logo todos os seus dados est\u00e3o protegidos pelas garantias de seguran\u00e7a e confidencialidade exigidas pela Legisla\u00e7\u00e3o Portuguesa de Prote\u00e7\u00e3o de Dados Pessoais.<\/p>\n<h4>Informa\u00e7\u00e3o na reserva<\/h4>\n<p>Durante a realiza\u00e7\u00e3o da reserva, ter\u00e1 de fornecer um conjunto de informa\u00e7\u00e3o pessoal, como o seu nome e endere\u00e7o de e-mail. Como intermedi\u00e1rio de reservas, a Pure Azores reencaminha alguma desta informa\u00e7\u00e3o para os fornecedores dos servi\u00e7os por si contratados. A informa\u00e7\u00e3o respeitante ao pagamento com cart\u00e3o de cr\u00e9dito n\u00e3o \u00e9 partilhada com qualquer outra entidade e \u00e9 protegida com um processo de encripta\u00e7\u00e3o de 256-bits.<\/p>\n<p>Poderemos tamb\u00e9m partilhar a sua informa\u00e7\u00e3o: No \u00e2mbito de intima\u00e7\u00f5es, ordens judiciais, ou outros processos legais; para estabelecer ou exercer os nossos direitos legais; para defender-nos de reivindica\u00e7\u00f5es legais; ou outras exig\u00eancias legais. Nestes casos, reservamos o direito de levantar qualquer obje\u00e7\u00e3o legal ou direito que nos assista. Quando considerarmos ser apropriado investigar, prevenir, ou agir em rela\u00e7\u00e3o a atividades ilegais ou suspeitas de ilegais; para proteger e defender os direitos, propriedade, ou seguran\u00e7a da nossa empresa ou website, dos nossos clientes, ou nossos fornecedores; e quando os nossos Termos e Condi\u00e7\u00f5es n\u00e3o forem respeitados.<\/p>\n<h4>Estat\u00edsticas do Website<\/h4>\n<p>Utilizamos um software anal\u00edtico que nos permite monitorizar o acesso e melhorar o nosso website. Este software captura e mede informa\u00e7\u00e3o como o n\u00famero de visitantes e n\u00famero de vezes que o site foi utilizado, atrav\u00e9s de um sistema cookie. Contudo, nenhum tipo de informa\u00e7\u00e3o pessoal \u00e9 guardado nos cookies.<\/p>\n<h4>Terceiros<\/h4>\n<p>A Pure Azores nunca ir\u00e1 revelar informa\u00e7\u00e3o pessoal dos seus clientes a entidades terceiras, para al\u00e9m dos seus fornecedores de servi\u00e7os. N\u00e3o vendemos qualquer informa\u00e7\u00e3o dos nossos clientes a terceiros.<\/p>\n<h4>Consentimento<\/h4>\n<p>Ao utilizar o nosso site, est\u00e1 a consentir a recolha, o armazenamento e uso da sua informa\u00e7\u00e3o pessoal pela Pure Azores, de acordo com os termos definidos nesta Pol\u00edtica de Privacidade.<\/p>\n<h4>Transa\u00e7\u00f5es seguras<\/h4>\n<p>A Pure Azores empenha-se em garantir que todos os dados pessoais sejam transmitidos atrav\u00e9s de uma liga\u00e7\u00e3o segura. A tecnologia utilizada \u00e9 a standard 256-bit SSL, que encripta todos os dados transmitidos e previne a sua leitura por terceiros. Para verificar que est\u00e1 a utilizar uma liga\u00e7\u00e3o segura, pode verificar a informa\u00e7\u00e3o \u00e0 esquerda da barra de endere\u00e7os do seu navegador (browser), onde dever\u00e1 constar um cadeado, ou uma linha verde ou azul, dependendo do navegador que esteja a utilizar.<\/p>\n<\/body>","protected":false},"excerpt":{"rendered":"<p>A Pure Azores leva a privacidade da sua informa\u00e7\u00e3o pessoal muito a s\u00e9rio, logo todos os seus dados est\u00e3o protegidos pelas garantias de seguran\u00e7a e confidencialidade exigidas pela Legisla\u00e7\u00e3o Portuguesa de Prote\u00e7\u00e3o de Dados Pessoais. Informa\u00e7\u00e3o na reserva Durante a realiza\u00e7\u00e3o da reserva, ter\u00e1 de fornecer um conjunto de informa\u00e7\u00e3o pessoal, como o seu nome [&hellip;]<\/p>\n","protected":false},"author":1,"featured_media":0,"parent":0,"menu_order":0,"comment_status":"closed","ping_status":"open","template":"","meta":{"_acf_changed":false,"ocean_post_layout":"","ocean_both_sidebars_style":"","ocean_both_sidebars_content_width":0,"ocean_both_sidebars_sidebars_width":0,"ocean_sidebar":"0","ocean_second_sidebar":"0","ocean_disable_margins":"enable","ocean_add_body_class":"","ocean_shortcode_before_top_bar":"","ocean_shortcode_after_top_bar":"","ocean_shortcode_before_header":"","ocean_shortcode_after_header":"","ocean_has_shortcode":"","ocean_shortcode_after_title":"","ocean_shortcode_before_footer_widgets":"","ocean_shortcode_after_footer_widgets":"","ocean_shortcode_before_footer_bottom":"","ocean_shortcode_after_footer_bottom":"","ocean_display_top_bar":"default","ocean_display_header":"default","ocean_header_style":"","ocean_center_header_left_menu":"0","ocean_custom_header_template":"0","ocean_custom_logo":0,"ocean_custom_retina_logo":0,"ocean_custom_logo_max_width":0,"ocean_custom_logo_tablet_max_width":0,"ocean_custom_logo_mobile_max_width":0,"ocean_custom_logo_max_height":0,"ocean_custom_logo_tablet_max_height":0,"ocean_custom_logo_mobile_max_height":0,"ocean_header_custom_menu":"0","ocean_menu_typo_font_family":"0","ocean_menu_typo_font_subset":"","ocean_menu_typo_font_size":0,"ocean_menu_typo_font_size_tablet":0,"ocean_menu_typo_font_size_mobile":0,"ocean_menu_typo_font_size_unit":"px","ocean_menu_typo_font_weight":"","ocean_menu_typo_font_weight_tablet":"","ocean_menu_typo_font_weight_mobile":"","ocean_menu_typo_transform":"","ocean_menu_typo_transform_tablet":"","ocean_menu_typo_transform_mobile":"","ocean_menu_typo_line_height":0,"ocean_menu_typo_line_height_tablet":0,"ocean_menu_typo_line_height_mobile":0,"ocean_menu_typo_line_height_unit":"","ocean_menu_typo_spacing":0,"ocean_menu_typo_spacing_tablet":0,"ocean_menu_typo_spacing_mobile":0,"ocean_menu_typo_spacing_unit":"","ocean_menu_link_color":"","ocean_menu_link_color_hover":"","ocean_menu_link_color_active":"","ocean_menu_link_background":"","ocean_menu_link_hover_background":"","ocean_menu_link_active_background":"","ocean_menu_social_links_bg":"","ocean_menu_social_hover_links_bg":"","ocean_menu_social_links_color":"","ocean_menu_social_hover_links_color":"","ocean_disable_title":"default","ocean_disable_heading":"default","ocean_post_title":"","ocean_post_subheading":"","ocean_post_title_style":"","ocean_post_title_background_color":"","ocean_post_title_background":0,"ocean_post_title_bg_image_position":"","ocean_post_title_bg_image_attachment":"","ocean_post_title_bg_image_repeat":"","ocean_post_title_bg_image_size":"","ocean_post_title_height":0,"ocean_post_title_bg_overlay":0.5,"ocean_post_title_bg_overlay_color":"","ocean_disable_breadcrumbs":"default","ocean_breadcrumbs_color":"","ocean_breadcrumbs_separator_color":"","ocean_breadcrumbs_links_color":"","ocean_breadcrumbs_links_hover_color":"","ocean_display_footer_widgets":"default","ocean_display_footer_bottom":"default","ocean_custom_footer_template":"0","footnotes":""},"class_list":["post-2302","page","type-page","status-publish","hentry","entry"],"acf":[],"jetpack_sharing_enabled":true,"_links":{"self":[{"href":"https:\/\/pureazores.com\/pt\/wp-json\/wp\/v2\/pages\/2302","targetHints":{"allow":["GET"]}}],"collection":[{"href":"https:\/\/pureazores.com\/pt\/wp-json\/wp\/v2\/pages"}],"about":[{"href":"https:\/\/pureazores.com\/pt\/wp-json\/wp\/v2\/types\/page"}],"author":[{"embeddable":true,"href":"https:\/\/pureazores.com\/pt\/wp-json\/wp\/v2\/users\/1"}],"replies":[{"embeddable":true,"href":"https:\/\/pureazores.com\/pt\/wp-json\/wp\/v2\/comments?post=2302"}],"version-history":[{"count":2,"href":"https:\/\/pureazores.com\/pt\/wp-json\/wp\/v2\/pages\/2302\/revisions"}],"predecessor-version":[{"id":2364,"href":"https:\/\/pureazores.com\/pt\/wp-json\/wp\/v2\/pages\/2302\/revisions\/2364"}],"wp:attachment":[{"href":"https:\/\/pureazores.com\/pt\/wp-json\/wp\/v2\/media?parent=2302"}],"curies":[{"name":"wp","href":"https:\/\/api.w.org\/{rel}","templated":true}]}}