{"id":2305,"date":"2020-06-22T21:38:39","date_gmt":"2020-06-22T21:38:39","guid":{"rendered":"http:\/\/pureazores.com\/?page_id=2305"},"modified":"2021-02-27T05:51:45","modified_gmt":"2021-02-27T05:51:45","slug":"termos","status":"publish","type":"page","link":"https:\/\/pureazores.com\/pt\/termos\/","title":{"rendered":"Termos e Condi\u00e7\u00f5es"},"content":{"rendered":"<body>\t\t<div data-elementor-type=\"wp-page\" data-elementor-id=\"2305\" class=\"elementor elementor-2305 elementor-784\" data-elementor-post-type=\"page\">\n\t\t\t\t\t\t<section class=\"elementor-section elementor-top-section elementor-element elementor-element-6da5e387 elementor-section-boxed elementor-section-height-default elementor-section-height-default\" data-id=\"6da5e387\" data-element_type=\"section\">\n\t\t\t\t\t\t<div class=\"elementor-container elementor-column-gap-default\">\n\t\t\t\t\t<div class=\"elementor-column elementor-col-100 elementor-top-column elementor-element elementor-element-56c2bcc8\" data-id=\"56c2bcc8\" data-element_type=\"column\">\n\t\t\t<div class=\"elementor-widget-wrap elementor-element-populated\">\n\t\t\t\t\t\t<div class=\"elementor-element elementor-element-72c6966c link-color elementor-widget elementor-widget-text-editor\" data-id=\"72c6966c\" data-element_type=\"widget\" data-widget_type=\"text-editor.default\">\n\t\t\t\t<div class=\"elementor-widget-container\">\n\t\t\t\t\t\t\t<h4>1. Informa\u00e7\u00e3o geral<\/h4>\n<p>\u00c9 necess\u00e1rio ler estes Termos e Condi\u00e7\u00f5es antes de realizar a sua reserva. \u00c9 importante que entenda a rela\u00e7\u00e3o contratual estabelecida ao utilizar o servi\u00e7o de reservas da Pure Azores. A Pure Azores \u00e9 um operador tur\u00edstico portugu\u00eas, registado no Registo Nacional das Ag\u00eancias de Viagens e Turismo com o n\u00ba. 6702 e registada na Conservat\u00f3ria Comercial de Ponta Delgada com o contribuinte 514 175 486, com sede na Rua Eng\u00ba Deodato Magalh\u00e3es, 10-A, 2\u00baDto. 9500-786 Ponta Delgada, A\u00e7ores. Pode contactar o servi\u00e7o de apoio ao cliente da Pure Azores atrav\u00e9s de:<\/p>\n<ul>\n<li>telefone \u2013 ligando o 932 532 200 durante o hor\u00e1rio de abertura do escrit\u00f3rio (09:00 \u2013 18:00, hora dos A\u00e7ores, exceto domingos e feriados).<\/li>\n<li>e-mail \u2013\u00a0<a href=\"mailto:reservations@pureazores.com\" target=\"_top\" rel=\"noopener noreferrer\">reservations@pureazores.com<\/a><\/li>\n<\/ul>\n<h4>2. Pre\u00e7os<\/h4>\n<p>Todos os pre\u00e7os indicados no website da Pure Azores s\u00e3o por pessoa, em Euros (EUR) e incluem IVA \u00e0 taxa em vigor.<\/p>\n<h4>3. Aceita\u00e7\u00e3o de reservas<\/h4>\n<p>A Pure Azores apenas aceita reservas efetuadas por pessoas na posse total das suas capacidades e com compet\u00eancia legal. Pessoas coletivas devem agir atrav\u00e9s de pessoa devidamente autorizada.<\/p>\n<h4>4. Chegada ao local e cumprimento das regras<\/h4>\n<p>O cliente \u00e9 respons\u00e1vel pela chegada atempada ao ponto de encontro. Se chegar \u00e0 atividade reservada vindo do estrangeiro, voc\u00ea \u00e9 pessoalmente respons\u00e1vel pelos documentos necess\u00e1rios \u00e0 viagem (passaporte, etc.), cumprimento de regras de seguran\u00e7a, etc.<\/p>\n<h4>5. Pol\u00edtica de cancelamento<\/h4>\n<p>Os clientes s\u00e3o livres de cancelar a sua reserva a qualquer momento e receber um reembolso\u00a0<span style=\"font-family: Raleway; font-size: 14px; font-style: normal; font-variant-ligatures: normal; font-variant-caps: normal; font-weight: 400;\">total at\u00e9 24 horas antes do in\u00edcio da excurs\u00e3o\/atividade.<\/span><\/p><p style=\"font-variant-ligatures: normal; font-variant-caps: normal; font-family: Raleway; font-size: 14px; font-style: normal; font-weight: 400;\">Cancelamentos feitos a\u00a0menos de 24 horas da hora de in\u00edcio da atividade n\u00e3o s\u00e3o reembols\u00e1veis.<br><\/p><ul style=\"font-variant-ligatures: normal; font-variant-caps: normal; font-family: Raleway; font-size: 14px; font-style: normal; font-weight: 400;\"><\/ul><p><span style=\"font-size: 14px;\">Os reembolsos s\u00e3o feitos num prazo de 7 dias atrav\u00e9s do mesmo m\u00e9todo utilizado para o pagamento.<\/span><br><\/p>\n<h4>6. Reservas canceladas pela Pure Azores<\/h4>\n<p>A Pure Azores reserva-se o direito de cancelar uma reserva no caso de o n\u00famero de participantes ser inferior ao m\u00ednimo necess\u00e1rio. Nestes casos, o cliente ser\u00e1 informado do cancelamento at\u00e9 8 dias antes, atrav\u00e9s do e-mail indicado durante a reserva.<\/p>\n<h4>7. Cancelamento extraordin\u00e1rio<\/h4>\n<p>A Pure Azores e os seus fornecedores podem cancelar uma atividade sem atender ao per\u00edodo de cancelamento, se condi\u00e7\u00f5es meteorol\u00f3gicas, a\u00e7\u00f5es governamentais ou outras circunst\u00e2ncias externas imprevistas ou inevit\u00e1veis colocarem em perigo ou tornarem a realiza\u00e7\u00e3o da actividade imposs\u00edvel ou substancialmente mais dif\u00edcil. Nestes casos, o cliente n\u00e3o tem direito a qualquer compensa\u00e7\u00e3o por danos, perdas ou quaisquer outras reivindica\u00e7\u00f5es.<\/p>\n<h4>8. Exclus\u00e3o de participa\u00e7\u00e3o<\/h4>\n<p>O cliente \u00e9 pessoalmente respons\u00e1vel por obedecer \u00e0s regras e condi\u00e7\u00f5es de participa\u00e7\u00e3o nas atividades. A Pure Azores e seus fornecedores t\u00eam o direito de recusar a admiss\u00e3o ou excluir da participa\u00e7\u00e3o nas atividades os clientes que n\u00e3o cumpram os requisitos de participa\u00e7\u00e3o, ou se a participa\u00e7\u00e3o do cliente coloca o mesmo ou outros em risco, ou interfere com a normal realiza\u00e7\u00e3o da atividade. Nestes casos, o cliente n\u00e3o tem direito a reembolso do pre\u00e7o pago.<\/p>\n<h4>9. Legisla\u00e7\u00e3o aplic\u00e1vel e jurisdi\u00e7\u00e3o<\/h4>\n<p>Estes temos e condi\u00e7\u00f5es governam-se e s\u00e3o constru\u00eddos em acordo com a Legisla\u00e7\u00e3o Portuguesa. O cliente aceita que qualquer disputa ser\u00e1 resolvida pelo Tribunal de Ponta Delgada, em conformidade com as leis de Portugal. Qualquer documenta\u00e7\u00e3o legal deve ser endere\u00e7ada a Rua Eng\u00ba Deodato Magalh\u00e3es, 10-A, 2\u00baDto. 9500-786, Ponta Delgada, A\u00e7ores, Portugal.<\/p>\t\t\t\t\t\t<\/div>\n\t\t\t\t<\/div>\n\t\t\t\t\t<\/div>\n\t\t<\/div>\n\t\t\t\t\t<\/div>\n\t\t<\/section>\n\t\t\t\t<\/div>\n\t\t<\/body>","protected":false},"excerpt":{"rendered":"<p>1. Informa\u00e7\u00e3o geral \u00c9 necess\u00e1rio ler estes Termos e Condi\u00e7\u00f5es antes de realizar a sua reserva. \u00c9 importante que entenda a rela\u00e7\u00e3o contratual estabelecida ao utilizar o servi\u00e7o de reservas da Pure Azores. A Pure Azores \u00e9 um operador tur\u00edstico portugu\u00eas, registado no Registo Nacional das Ag\u00eancias de Viagens e Turismo com o n\u00ba. 6702 [&hellip;]<\/p>\n","protected":false},"author":1,"featured_media":0,"parent":0,"menu_order":0,"comment_status":"closed","ping_status":"closed","template":"","meta":{"_acf_changed":false,"ocean_post_layout":"","ocean_both_sidebars_style":"","ocean_both_sidebars_content_width":0,"ocean_both_sidebars_sidebars_width":0,"ocean_sidebar":"0","ocean_second_sidebar":"0","ocean_disable_margins":"enable","ocean_add_body_class":"","ocean_shortcode_before_top_bar":"","ocean_shortcode_after_top_bar":"","ocean_shortcode_before_header":"","ocean_shortcode_after_header":"","ocean_has_shortcode":"","ocean_shortcode_after_title":"","ocean_shortcode_before_footer_widgets":"","ocean_shortcode_after_footer_widgets":"","ocean_shortcode_before_footer_bottom":"","ocean_shortcode_after_footer_bottom":"","ocean_display_top_bar":"default","ocean_display_header":"default","ocean_header_style":"","ocean_center_header_left_menu":"0","ocean_custom_header_template":"0","ocean_custom_logo":0,"ocean_custom_retina_logo":0,"ocean_custom_logo_max_width":0,"ocean_custom_logo_tablet_max_width":0,"ocean_custom_logo_mobile_max_width":0,"ocean_custom_logo_max_height":0,"ocean_custom_logo_tablet_max_height":0,"ocean_custom_logo_mobile_max_height":0,"ocean_header_custom_menu":"0","ocean_menu_typo_font_family":"0","ocean_menu_typo_font_subset":"","ocean_menu_typo_font_size":0,"ocean_menu_typo_font_size_tablet":0,"ocean_menu_typo_font_size_mobile":0,"ocean_menu_typo_font_size_unit":"px","ocean_menu_typo_font_weight":"","ocean_menu_typo_font_weight_tablet":"","ocean_menu_typo_font_weight_mobile":"","ocean_menu_typo_transform":"","ocean_menu_typo_transform_tablet":"","ocean_menu_typo_transform_mobile":"","ocean_menu_typo_line_height":0,"ocean_menu_typo_line_height_tablet":0,"ocean_menu_typo_line_height_mobile":0,"ocean_menu_typo_line_height_unit":"","ocean_menu_typo_spacing":0,"ocean_menu_typo_spacing_tablet":0,"ocean_menu_typo_spacing_mobile":0,"ocean_menu_typo_spacing_unit":"","ocean_menu_link_color":"","ocean_menu_link_color_hover":"","ocean_menu_link_color_active":"","ocean_menu_link_background":"","ocean_menu_link_hover_background":"","ocean_menu_link_active_background":"","ocean_menu_social_links_bg":"","ocean_menu_social_hover_links_bg":"","ocean_menu_social_links_color":"","ocean_menu_social_hover_links_color":"","ocean_disable_title":"default","ocean_disable_heading":"default","ocean_post_title":"","ocean_post_subheading":"","ocean_post_title_style":"","ocean_post_title_background_color":"","ocean_post_title_background":0,"ocean_post_title_bg_image_position":"","ocean_post_title_bg_image_attachment":"","ocean_post_title_bg_image_repeat":"","ocean_post_title_bg_image_size":"","ocean_post_title_height":0,"ocean_post_title_bg_overlay":0.5,"ocean_post_title_bg_overlay_color":"","ocean_disable_breadcrumbs":"default","ocean_breadcrumbs_color":"","ocean_breadcrumbs_separator_color":"","ocean_breadcrumbs_links_color":"","ocean_breadcrumbs_links_hover_color":"","ocean_display_footer_widgets":"default","ocean_display_footer_bottom":"default","ocean_custom_footer_template":"0","footnotes":""},"class_list":["post-2305","page","type-page","status-publish","hentry","entry"],"acf":[],"jetpack_sharing_enabled":true,"_links":{"self":[{"href":"https:\/\/pureazores.com\/pt\/wp-json\/wp\/v2\/pages\/2305","targetHints":{"allow":["GET"]}}],"collection":[{"href":"https:\/\/pureazores.com\/pt\/wp-json\/wp\/v2\/pages"}],"about":[{"href":"https:\/\/pureazores.com\/pt\/wp-json\/wp\/v2\/types\/page"}],"author":[{"embeddable":true,"href":"https:\/\/pureazores.com\/pt\/wp-json\/wp\/v2\/users\/1"}],"replies":[{"embeddable":true,"href":"https:\/\/pureazores.com\/pt\/wp-json\/wp\/v2\/comments?post=2305"}],"version-history":[{"count":27,"href":"https:\/\/pureazores.com\/pt\/wp-json\/wp\/v2\/pages\/2305\/revisions"}],"predecessor-version":[{"id":3331,"href":"https:\/\/pureazores.com\/pt\/wp-json\/wp\/v2\/pages\/2305\/revisions\/3331"}],"wp:attachment":[{"href":"https:\/\/pureazores.com\/pt\/wp-json\/wp\/v2\/media?parent=2305"}],"curies":[{"name":"wp","href":"https:\/\/api.w.org\/{rel}","templated":true}]}}