{"id":2414,"date":"2020-06-23T12:33:36","date_gmt":"2020-06-23T12:33:36","guid":{"rendered":"http:\/\/pureazores.com\/?page_id=2414"},"modified":"2025-01-20T20:13:32","modified_gmt":"2025-01-20T20:13:32","slug":"home","status":"publish","type":"page","link":"https:\/\/pureazores.com\/pt\/","title":{"rendered":"Home"},"content":{"rendered":"<body>\t\t<div data-elementor-type=\"wp-page\" data-elementor-id=\"2414\" class=\"elementor elementor-2414 elementor-161\" data-elementor-post-type=\"page\">\n\t\t\t\t\t\t<section class=\"elementor-section elementor-top-section elementor-element elementor-element-q0x262l elementor-section-full_width elementor-section-height-default elementor-section-height-default\" data-id=\"q0x262l\" data-element_type=\"section\" data-settings='{\"background_background\":\"classic\"}'>\n\t\t\t\t\t\t\t<div class=\"elementor-background-overlay\"><\/div>\n\t\t\t\t\t\t\t<div class=\"elementor-container elementor-column-gap-default\">\n\t\t\t\t\t<div class=\"elementor-column elementor-col-100 elementor-top-column elementor-element elementor-element-4723004\" data-id=\"4723004\" data-element_type=\"column\">\n\t\t\t<div class=\"elementor-widget-wrap elementor-element-populated\">\n\t\t\t\t\t\t<div class=\"elementor-element elementor-element-f2703a6 elementor-widget elementor-widget-heading\" data-id=\"f2703a6\" data-element_type=\"widget\" data-widget_type=\"heading.default\">\n\t\t\t\t<div class=\"elementor-widget-container\">\n\t\t\t<h2 class=\"elementor-heading-title elementor-size-default\">PURE AZORES<\/h2>\t\t<\/div>\n\t\t\t\t<\/div>\n\t\t\t\t<div class=\"elementor-element elementor-element-c37a97b elementor-widget elementor-widget-heading\" data-id=\"c37a97b\" data-element_type=\"widget\" data-widget_type=\"heading.default\">\n\t\t\t\t<div class=\"elementor-widget-container\">\n\t\t\t<h2 class=\"elementor-heading-title elementor-size-default\">Excurs\u00f5es Locais de Qualidade<\/h2>\t\t<\/div>\n\t\t\t\t<\/div>\n\t\t\t\t\t<\/div>\n\t\t<\/div>\n\t\t\t\t\t<\/div>\n\t\t<\/section>\n\t\t\t\t<section class=\"elementor-section elementor-top-section elementor-element elementor-element-ownwyz4 elementor-section-boxed elementor-section-height-default elementor-section-height-default\" data-id=\"ownwyz4\" data-element_type=\"section\">\n\t\t\t\t\t\t<div class=\"elementor-container elementor-column-gap-default\">\n\t\t\t\t\t<div class=\"elementor-column elementor-col-100 elementor-top-column elementor-element elementor-element-gyk2vrf\" data-id=\"gyk2vrf\" data-element_type=\"column\">\n\t\t\t<div class=\"elementor-widget-wrap elementor-element-populated\">\n\t\t\t\t\t\t<div class=\"elementor-element elementor-element-jq33ejj elementor-widget elementor-widget-heading\" data-id=\"jq33ejj\" data-element_type=\"widget\" data-widget_type=\"heading.default\">\n\t\t\t\t<div class=\"elementor-widget-container\">\n\t\t\t<h2 class=\"elementor-heading-title elementor-size-default\">Procura conhecer as principais atra\u00e7\u00f5es de S\u00e3o Miguel?<\/h2>\t\t<\/div>\n\t\t\t\t<\/div>\n\t\t\t\t<div class=\"elementor-element elementor-element-z2sx271 elementor-widget elementor-widget-text-editor\" data-id=\"z2sx271\" data-element_type=\"widget\" data-widget_type=\"text-editor.default\">\n\t\t\t\t<div class=\"elementor-widget-container\">\n\t\t\t\t\t\t\t<p style=\"text-align: center;\">As nossas excurs\u00f5es best-sellers S\u00e3o Miguel Oeste e Este s\u00e3o garantia de satisfa\u00e7\u00e3o!<br>Explore a ilha confortavelmente, com um guia especializado!<\/p>\t\t\t\t\t\t<\/div>\n\t\t\t\t<\/div>\n\t\t\t\t\t<\/div>\n\t\t<\/div>\n\t\t\t\t\t<\/div>\n\t\t<\/section>\n\t\t\t\t<section class=\"elementor-section elementor-top-section elementor-element elementor-element-l9ge4dm elementor-section-boxed elementor-section-height-default elementor-section-height-default\" data-id=\"l9ge4dm\" data-element_type=\"section\">\n\t\t\t\t\t\t<div class=\"elementor-container elementor-column-gap-default\">\n\t\t\t\t\t<div class=\"elementor-column elementor-col-100 elementor-top-column elementor-element elementor-element-f77c6b7\" data-id=\"f77c6b7\" data-element_type=\"column\">\n\t\t\t<div class=\"elementor-widget-wrap elementor-element-populated\">\n\t\t\t\t\t\t<div class=\"elementor-element elementor-element-61539c6 elementor-widget elementor-widget-text-editor\" data-id=\"61539c6\" data-element_type=\"widget\" data-widget_type=\"text-editor.default\">\n\t\t\t\t<div class=\"elementor-widget-container\">\n\t\t\t\t\t\t\t<p>\n<!-- NOTE: If you need to make changes to this file, copy it to your current theme's main\n\tdirectory so your changes won't be overwritten when the plugin is upgraded. -->\n\n<!-- Post Wrap Start-->\n<\/p><div class=\"post hentry ivycat-post\">\n<div class=\"featured-image\">\n\t<a href=\"https:\/\/pureazores.com\/pt\/sao-miguel-oeste-em-carrinha\/\"><img loading=\"lazy\" decoding=\"async\" width=\"900\" height=\"600\" src=\"https:\/\/pureazores.com\/wp-content\/uploads\/2020\/01\/vista-do-rei-azores.jpg\" class=\"attachment-post-thumbnail size-post-thumbnail wp-post-image\" alt=\"\" srcset=\"https:\/\/pureazores.com\/wp-content\/uploads\/2020\/01\/vista-do-rei-azores.jpg 900w, https:\/\/pureazores.com\/wp-content\/uploads\/2020\/01\/vista-do-rei-azores-300x200.jpg 300w, https:\/\/pureazores.com\/wp-content\/uploads\/2020\/01\/vista-do-rei-azores-768x512.jpg 768w\" sizes=\"auto, (max-width: 900px) 100vw, 900px\" loading=\"lazy\"><\/a>\n\t<\/div>\n\t<div class=\"main-excerpt\">\n\t\t\n\t<!-- \tThis outputs the post TITLE -->\n\t<h2 class=\"entry-title\"><a href=\"https:\/\/pureazores.com\/pt\/sao-miguel-oeste-em-carrinha\/\">S\u00e3o Miguel Oeste em Carrinha<\/a><\/h2>\n\n\t<!-- \tThis outputs the post EXCERPT.  To display full content including images and html,\n\t\treplace the_excerpt(); with the_content();  below. -->\n\t<div style=\"margin-bottom:30px;\" class=\"entry-summary\">\n\t\tDescubra os destaques do oeste de S\u00e3o Miguel, desde as Sete Cidades \u00e0s paisagens costeiras de pedra negra e \u00e0 Lagoa do Fogo, com almo\u00e7o inclu\u00eddo num tour de dia inteiro\n\t<\/div>\n\t<div class=\"buttons\">\n\t\t<div class=\"Book Now\">\n\t\t\t\t<a href=\"https:\/\/pureazores.com\/pt\/sao-miguel-oeste-em-carrinha\/\">Reserve J\u00e1<\/a>\t\n\t\t<\/div>\n\t\t<div class=\"read More\">\n\t\t\t\t<a href=\"https:\/\/pureazores.com\/pt\/sao-miguel-oeste-em-carrinha\/\"> Saiba Mais<\/a>\t\t\n\t<\/div>\n\t<\/div>\n\t\t\n\t<\/div>\n\t\n\n\t<!--\tThis outputs the post META information -->\n\t<div class=\"entry-utility\">\n\t\t\t\t\t<span class=\"cat-links\">\n\t\t\t\t<span class=\"entry-utility-prep entry-utility-prep-cat-links\">Posted in<\/span> <a href=\"https:\/\/pureazores.com\/pt\/category\/principais\/\" rel=\"category tag\">Principais<\/a>\t\t\t<\/span>\n\t\t\t<span class=\"meta-sep\">|<\/span>\n\t\t\t\t\t\t\t<span class=\"tag-links\">\n\t\t\t\t<span class=\"entry-utility-prep entry-utility-prep-tag-links\">Tagged<\/span> <a href=\"https:\/\/pureazores.com\/pt\/tag\/tricks-pt\/\" rel=\"tag\">Tricks<\/a>\t\t\t<\/span>\n\t\t\t<span class=\"meta-sep\">|<\/span>\n\t\t\t\t<span class=\"comments-link\">\n\t\t\t<a href=\"https:\/\/pureazores.com\/pt\/sao-miguel-oeste-em-carrinha\/#respond\">Leave a comment<\/a>\t\t<\/span>\n\t\t\t<\/div>\n<\/div>\n<!-- \/\/ Post Wrap End -->\n\n<!-- NOTE: If you need to make changes to this file, copy it to your current theme's main\n\tdirectory so your changes won't be overwritten when the plugin is upgraded. -->\n\n<!-- Post Wrap Start-->\n<div class=\"post hentry ivycat-post\">\n<div class=\"featured-image\">\n\t<a href=\"https:\/\/pureazores.com\/pt\/sao-miguel-este-em-carrinha\/\"><img loading=\"lazy\" decoding=\"async\" width=\"900\" height=\"600\" src=\"https:\/\/pureazores.com\/wp-content\/uploads\/2016\/10\/pico-do-ferro-furnas.jpg\" class=\"attachment-post-thumbnail size-post-thumbnail wp-post-image\" alt=\"Pico do Ferro Lookout over Furnas Lake\" srcset=\"https:\/\/pureazores.com\/wp-content\/uploads\/2016\/10\/pico-do-ferro-furnas.jpg 900w, https:\/\/pureazores.com\/wp-content\/uploads\/2016\/10\/pico-do-ferro-furnas-300x200.jpg 300w, https:\/\/pureazores.com\/wp-content\/uploads\/2016\/10\/pico-do-ferro-furnas-768x512.jpg 768w\" sizes=\"auto, (max-width: 900px) 100vw, 900px\" loading=\"lazy\"><\/a>\n\t<\/div>\n\t<div class=\"main-excerpt\">\n\t\t\n\t<!-- \tThis outputs the post TITLE -->\n\t<h2 class=\"entry-title\"><a href=\"https:\/\/pureazores.com\/pt\/sao-miguel-este-em-carrinha\/\">S\u00e3o Miguel Este em Carrinha<\/a><\/h2>\n\n\t<!-- \tThis outputs the post EXCERPT.  To display full content including images and html,\n\t\treplace the_excerpt(); with the_content();  below. -->\n\t<div style=\"margin-bottom:30px;\" class=\"entry-summary\">\n\t\tExplore o leste de S\u00e3o Miguel, das paisagens geot\u00e9rmicas das Furnas \u00e0s cascatas e miradouros do Nordeste, com almo\u00e7o tradicional de cozido inclu\u00eddo\n\t<\/div>\n\t<div class=\"buttons\">\n\t\t<div class=\"Book Now\">\n\t\t\t\t<a href=\"https:\/\/pureazores.com\/pt\/sao-miguel-este-em-carrinha\/\">Reserve J\u00e1<\/a>\t\n\t\t<\/div>\n\t\t<div class=\"read More\">\n\t\t\t\t<a href=\"https:\/\/pureazores.com\/pt\/sao-miguel-este-em-carrinha\/\"> Saiba Mais<\/a>\t\t\n\t<\/div>\n\t<\/div>\n\t\t\n\t<\/div>\n\t\n\n\t<!--\tThis outputs the post META information -->\n\t<div class=\"entry-utility\">\n\t\t\t\t\t<span class=\"cat-links\">\n\t\t\t\t<span class=\"entry-utility-prep entry-utility-prep-cat-links\">Posted in<\/span> <a href=\"https:\/\/pureazores.com\/pt\/category\/principais\/\" rel=\"category tag\">Principais<\/a>\t\t\t<\/span>\n\t\t\t<span class=\"meta-sep\">|<\/span>\n\t\t\t\t\t\t\t<span class=\"tag-links\">\n\t\t\t\t<span class=\"entry-utility-prep entry-utility-prep-tag-links\">Tagged<\/span> <a href=\"https:\/\/pureazores.com\/pt\/tag\/tricks-pt\/\" rel=\"tag\">Tricks<\/a>\t\t\t<\/span>\n\t\t\t<span class=\"meta-sep\">|<\/span>\n\t\t\t\t<span class=\"comments-link\">\n\t\t\t<a href=\"https:\/\/pureazores.com\/pt\/sao-miguel-este-em-carrinha\/#respond\">Leave a comment<\/a>\t\t<\/span>\n\t\t\t<\/div>\n<\/div>\n<!-- \/\/ Post Wrap End -->\n\t\t\t\t\t\t<\/div>\n\t\t\t\t<\/div>\n\t\t\t\t\t<\/div>\n\t\t<\/div>\n\t\t\t\t\t<\/div>\n\t\t<\/section>\n\t\t\t\t<section class=\"elementor-section elementor-top-section elementor-element elementor-element-82fccf9 elementor-section-content-top elementor-section-boxed elementor-section-height-default elementor-section-height-default\" data-id=\"82fccf9\" data-element_type=\"section\">\n\t\t\t\t\t\t<div class=\"elementor-container elementor-column-gap-default\">\n\t\t\t\t\t<div class=\"elementor-column elementor-col-100 elementor-top-column elementor-element elementor-element-c790bc1\" data-id=\"c790bc1\" data-element_type=\"column\">\n\t\t\t<div class=\"elementor-widget-wrap elementor-element-populated\">\n\t\t\t\t\t\t<div class=\"elementor-element elementor-element-8c08ab8 elementor-widget elementor-widget-heading\" data-id=\"8c08ab8\" data-element_type=\"widget\" data-widget_type=\"heading.default\">\n\t\t\t\t<div class=\"elementor-widget-container\">\n\t\t\t<h2 class=\"elementor-heading-title elementor-size-default\">Prefere sair dos circuitos tradicionais?<\/h2>\t\t<\/div>\n\t\t\t\t<\/div>\n\t\t\t\t<div class=\"elementor-element elementor-element-c28991a elementor-widget elementor-widget-text-editor\" data-id=\"c28991a\" data-element_type=\"widget\" data-widget_type=\"text-editor.default\">\n\t\t\t\t<div class=\"elementor-widget-container\">\n\t\t\t\t\t\t\t<p style=\"text-align: center;\">A nossa excurs\u00e3o P\u00e9rolas Escondidas \u00e9 perfeita para si!\u00a0<br>Venha explorar connosco aqueles s\u00edtios fant\u00e1sticos que apenas os locais conhecem!<\/p>\t\t\t\t\t\t<\/div>\n\t\t\t\t<\/div>\n\t\t\t\t\t<\/div>\n\t\t<\/div>\n\t\t\t\t\t<\/div>\n\t\t<\/section>\n\t\t\t\t<section class=\"elementor-section elementor-top-section elementor-element elementor-element-e3387f4 elementor-section-boxed elementor-section-height-default elementor-section-height-default\" data-id=\"e3387f4\" data-element_type=\"section\">\n\t\t\t\t\t\t<div class=\"elementor-container elementor-column-gap-default\">\n\t\t\t\t\t<div class=\"elementor-column elementor-col-100 elementor-top-column elementor-element elementor-element-9710bb5 cntr-img\" data-id=\"9710bb5\" data-element_type=\"column\">\n\t\t\t<div class=\"elementor-widget-wrap elementor-element-populated\">\n\t\t\t\t\t\t<section class=\"elementor-section elementor-inner-section elementor-element elementor-element-6934f3f elementor-section-boxed elementor-section-height-default elementor-section-height-default\" data-id=\"6934f3f\" data-element_type=\"section\">\n\t\t\t\t\t\t<div class=\"elementor-container elementor-column-gap-default\">\n\t\t\t\t\t<div class=\"elementor-column elementor-col-33 elementor-inner-column elementor-element elementor-element-1a8b454\" data-id=\"1a8b454\" data-element_type=\"column\">\n\t\t\t<div class=\"elementor-widget-wrap\">\n\t\t\t\t\t\t\t<\/div>\n\t\t<\/div>\n\t\t\t\t<div class=\"elementor-column elementor-col-33 elementor-inner-column elementor-element elementor-element-80f497b\" data-id=\"80f497b\" data-element_type=\"column\">\n\t\t\t<div class=\"elementor-widget-wrap elementor-element-populated\">\n\t\t\t\t\t\t<div class=\"elementor-element elementor-element-d01fd61 elementor-widget elementor-widget-text-editor\" data-id=\"d01fd61\" data-element_type=\"widget\" data-widget_type=\"text-editor.default\">\n\t\t\t\t<div class=\"elementor-widget-container\">\n\t\t\t\t\t\t\t<p>\n<!-- NOTE: If you need to make changes to this file, copy it to your current theme's main\n\tdirectory so your changes won't be overwritten when the plugin is upgraded. -->\n\n<!-- Post Wrap Start-->\n<\/p><div class=\"post hentry ivycat-post\">\n<div class=\"featured-image\">\n\t<a href=\"https:\/\/pureazores.com\/pt\/descobrindo-cascatas-nos-acores\/\"><img loading=\"lazy\" decoding=\"async\" width=\"900\" height=\"600\" src=\"https:\/\/pureazores.com\/wp-content\/uploads\/2025\/04\/chasing-waterfalls-in-azores-03.jpg\" class=\"attachment-post-thumbnail size-post-thumbnail wp-post-image\" alt=\"Chasing Waterfalls Tour 03\" srcset=\"https:\/\/pureazores.com\/wp-content\/uploads\/2025\/04\/chasing-waterfalls-in-azores-03.jpg 900w, https:\/\/pureazores.com\/wp-content\/uploads\/2025\/04\/chasing-waterfalls-in-azores-03-300x200.jpg 300w, https:\/\/pureazores.com\/wp-content\/uploads\/2025\/04\/chasing-waterfalls-in-azores-03-768x512.jpg 768w\" sizes=\"auto, (max-width: 900px) 100vw, 900px\" loading=\"lazy\"><\/a>\n\t<\/div>\n\t<div class=\"main-excerpt\">\n\t\t\n\t<!-- \tThis outputs the post TITLE -->\n\t<h2 class=\"entry-title\"><a href=\"https:\/\/pureazores.com\/pt\/descobrindo-cascatas-nos-acores\/\">Descobrindo Cascatas nos A\u00e7ores<\/a><\/h2>\n\n\t<!-- \tThis outputs the post EXCERPT.  To display full content including images and html,\n\t\treplace the_excerpt(); with the_content();  below. -->\n\t<div style=\"margin-bottom:30px;\" class=\"entry-summary\">\n\t\tPrepare-se para caminhar e descobrir a quantidade e variedade de cascatas na ilha de S\u00e3o Miguel!\n\t<\/div>\n\t<div class=\"buttons\">\n\t\t<div class=\"Book Now\">\n\t\t\t\t<a href=\"https:\/\/pureazores.com\/pt\/descobrindo-cascatas-nos-acores\/\">Reserve J\u00e1<\/a>\t\n\t\t<\/div>\n\t\t<div class=\"read More\">\n\t\t\t\t<a href=\"https:\/\/pureazores.com\/pt\/descobrindo-cascatas-nos-acores\/\"> Saiba Mais<\/a>\t\t\n\t<\/div>\n\t<\/div>\n\t\t\n\t<\/div>\n\t\n\n\t<!--\tThis outputs the post META information -->\n\t<div class=\"entry-utility\">\n\t\t\t\t\t<span class=\"cat-links\">\n\t\t\t\t<span class=\"entry-utility-prep entry-utility-prep-cat-links\">Posted in<\/span> <a href=\"https:\/\/pureazores.com\/pt\/category\/alternativos\/\" rel=\"category tag\">Alternativos<\/a>\t\t\t<\/span>\n\t\t\t<span class=\"meta-sep\">|<\/span>\n\t\t\t\t\t\t\t<span class=\"tag-links\">\n\t\t\t\t<span class=\"entry-utility-prep entry-utility-prep-tag-links\">Tagged<\/span> <a href=\"https:\/\/pureazores.com\/pt\/tag\/tricks-pt\/\" rel=\"tag\">Tricks<\/a>\t\t\t<\/span>\n\t\t\t<span class=\"meta-sep\">|<\/span>\n\t\t\t\t<span class=\"comments-link\">\n\t\t\t<a href=\"https:\/\/pureazores.com\/pt\/descobrindo-cascatas-nos-acores\/#respond\">Leave a comment<\/a>\t\t<\/span>\n\t\t\t<\/div>\n<\/div>\n<!-- \/\/ Post Wrap End -->\n\n<!-- NOTE: If you need to make changes to this file, copy it to your current theme's main\n\tdirectory so your changes won't be overwritten when the plugin is upgraded. -->\n\n<!-- Post Wrap Start-->\n<div class=\"post hentry ivycat-post\">\n<div class=\"featured-image\">\n\t<a href=\"https:\/\/pureazores.com\/pt\/perolas-escondidas-de-sao-miguel\/\"><img loading=\"lazy\" decoding=\"async\" width=\"900\" height=\"600\" src=\"https:\/\/pureazores.com\/wp-content\/uploads\/2020\/06\/barragem.jpg\" class=\"attachment-post-thumbnail size-post-thumbnail wp-post-image\" alt=\"Damn in waterstream at Hidden Gems Tours\" srcset=\"https:\/\/pureazores.com\/wp-content\/uploads\/2020\/06\/barragem.jpg 900w, https:\/\/pureazores.com\/wp-content\/uploads\/2020\/06\/barragem-300x200.jpg 300w, https:\/\/pureazores.com\/wp-content\/uploads\/2020\/06\/barragem-768x512.jpg 768w\" sizes=\"auto, (max-width: 900px) 100vw, 900px\" loading=\"lazy\"><\/a>\n\t<\/div>\n\t<div class=\"main-excerpt\">\n\t\t\n\t<!-- \tThis outputs the post TITLE -->\n\t<h2 class=\"entry-title\"><a href=\"https:\/\/pureazores.com\/pt\/perolas-escondidas-de-sao-miguel\/\">P\u00e9rolas Escondidas de S\u00e3o Miguel<\/a><\/h2>\n\n\t<!-- \tThis outputs the post EXCERPT.  To display full content including images and html,\n\t\treplace the_excerpt(); with the_content();  below. -->\n\t<div style=\"margin-bottom:30px;\" class=\"entry-summary\">\n\t\tEscape \u00e0s grandes multid\u00f5es e descubra locais fant\u00e1sticos da ilha de S\u00e3o Miguel, longe dos principais itiner\u00e1rios tur\u00edsticos!\n\t<\/div>\n\t<div class=\"buttons\">\n\t\t<div class=\"Book Now\">\n\t\t\t\t<a href=\"https:\/\/pureazores.com\/pt\/perolas-escondidas-de-sao-miguel\/%20\">Reserve J\u00e1<\/a>\t\n\t\t<\/div>\n\t\t<div class=\"read More\">\n\t\t\t\t<a href=\"https:\/\/pureazores.com\/pt\/perolas-escondidas-de-sao-miguel\/\"> Saiba Mais<\/a>\t\t\n\t<\/div>\n\t<\/div>\n\t\t\n\t<\/div>\n\t\n\n\t<!--\tThis outputs the post META information -->\n\t<div class=\"entry-utility\">\n\t\t\t\t\t<span class=\"cat-links\">\n\t\t\t\t<span class=\"entry-utility-prep entry-utility-prep-cat-links\">Posted in<\/span> <a href=\"https:\/\/pureazores.com\/pt\/category\/alternativos\/\" rel=\"category tag\">Alternativos<\/a>\t\t\t<\/span>\n\t\t\t<span class=\"meta-sep\">|<\/span>\n\t\t\t\t\t\t\t<span class=\"tag-links\">\n\t\t\t\t<span class=\"entry-utility-prep entry-utility-prep-tag-links\">Tagged<\/span> <a href=\"https:\/\/pureazores.com\/pt\/tag\/tricks-pt\/\" rel=\"tag\">Tricks<\/a>\t\t\t<\/span>\n\t\t\t<span class=\"meta-sep\">|<\/span>\n\t\t\t\t<span class=\"comments-link\">\n\t\t\t<a href=\"https:\/\/pureazores.com\/pt\/perolas-escondidas-de-sao-miguel\/#respond\">Leave a comment<\/a>\t\t<\/span>\n\t\t\t<\/div>\n<\/div>\n<!-- \/\/ Post Wrap End -->\n\t\t\t\t\t\t<\/div>\n\t\t\t\t<\/div>\n\t\t\t\t\t<\/div>\n\t\t<\/div>\n\t\t\t\t<div class=\"elementor-column elementor-col-33 elementor-inner-column elementor-element elementor-element-d776294\" data-id=\"d776294\" data-element_type=\"column\">\n\t\t\t<div class=\"elementor-widget-wrap\">\n\t\t\t\t\t\t\t<\/div>\n\t\t<\/div>\n\t\t\t\t\t<\/div>\n\t\t<\/section>\n\t\t\t\t\t<\/div>\n\t\t<\/div>\n\t\t\t\t\t<\/div>\n\t\t<\/section>\n\t\t\t\t<\/div>\n\t\t<\/body>","protected":false},"excerpt":{"rendered":"<p>PURE AZORES Excurs\u00f5es Locais de Qualidade Procura conhecer as principais atra\u00e7\u00f5es de S\u00e3o Miguel? As nossas excurs\u00f5es best-sellers S\u00e3o Miguel Oeste e Este s\u00e3o garantia de satisfa\u00e7\u00e3o!Explore a ilha confortavelmente, com um guia especializado! Prefere sair dos circuitos tradicionais? A nossa excurs\u00e3o P\u00e9rolas Escondidas \u00e9 perfeita para si!\u00a0Venha explorar connosco aqueles s\u00edtios fant\u00e1sticos que apenas [&hellip;]<\/p>\n","protected":false},"author":1,"featured_media":0,"parent":0,"menu_order":0,"comment_status":"closed","ping_status":"closed","template":"","meta":{"_acf_changed":false,"ocean_post_layout":"full-screen","ocean_both_sidebars_style":"","ocean_both_sidebars_content_width":0,"ocean_both_sidebars_sidebars_width":0,"ocean_sidebar":"0","ocean_second_sidebar":"0","ocean_disable_margins":"on","ocean_add_body_class":"","ocean_shortcode_before_top_bar":"","ocean_shortcode_after_top_bar":"","ocean_shortcode_before_header":"","ocean_shortcode_after_header":"","ocean_has_shortcode":"","ocean_shortcode_after_title":"","ocean_shortcode_before_footer_widgets":"","ocean_shortcode_after_footer_widgets":"","ocean_shortcode_before_footer_bottom":"","ocean_shortcode_after_footer_bottom":"","ocean_display_top_bar":"default","ocean_display_header":"default","ocean_header_style":"","ocean_center_header_left_menu":"0","ocean_custom_header_template":"0","ocean_custom_logo":0,"ocean_custom_retina_logo":0,"ocean_custom_logo_max_width":0,"ocean_custom_logo_tablet_max_width":0,"ocean_custom_logo_mobile_max_width":0,"ocean_custom_logo_max_height":0,"ocean_custom_logo_tablet_max_height":0,"ocean_custom_logo_mobile_max_height":0,"ocean_header_custom_menu":"0","ocean_menu_typo_font_family":"0","ocean_menu_typo_font_subset":"","ocean_menu_typo_font_size":0,"ocean_menu_typo_font_size_tablet":0,"ocean_menu_typo_font_size_mobile":0,"ocean_menu_typo_font_size_unit":"px","ocean_menu_typo_font_weight":"","ocean_menu_typo_font_weight_tablet":"","ocean_menu_typo_font_weight_mobile":"","ocean_menu_typo_transform":"","ocean_menu_typo_transform_tablet":"","ocean_menu_typo_transform_mobile":"","ocean_menu_typo_line_height":0,"ocean_menu_typo_line_height_tablet":0,"ocean_menu_typo_line_height_mobile":0,"ocean_menu_typo_line_height_unit":"","ocean_menu_typo_spacing":0,"ocean_menu_typo_spacing_tablet":0,"ocean_menu_typo_spacing_mobile":0,"ocean_menu_typo_spacing_unit":"","ocean_menu_link_color":"","ocean_menu_link_color_hover":"","ocean_menu_link_color_active":"","ocean_menu_link_background":"","ocean_menu_link_hover_background":"","ocean_menu_link_active_background":"","ocean_menu_social_links_bg":"","ocean_menu_social_hover_links_bg":"","ocean_menu_social_links_color":"","ocean_menu_social_hover_links_color":"","ocean_disable_title":"on","ocean_disable_heading":"default","ocean_post_title":"","ocean_post_subheading":"","ocean_post_title_style":"","ocean_post_title_background_color":"","ocean_post_title_background":0,"ocean_post_title_bg_image_position":"","ocean_post_title_bg_image_attachment":"","ocean_post_title_bg_image_repeat":"","ocean_post_title_bg_image_size":"","ocean_post_title_height":0,"ocean_post_title_bg_overlay":0.5,"ocean_post_title_bg_overlay_color":"","ocean_disable_breadcrumbs":"default","ocean_breadcrumbs_color":"","ocean_breadcrumbs_separator_color":"","ocean_breadcrumbs_links_color":"","ocean_breadcrumbs_links_hover_color":"","ocean_display_footer_widgets":"default","ocean_display_footer_bottom":"default","ocean_custom_footer_template":"0","footnotes":""},"class_list":["post-2414","page","type-page","status-publish","hentry","entry","has-media"],"acf":[],"jetpack_sharing_enabled":true,"_links":{"self":[{"href":"https:\/\/pureazores.com\/pt\/wp-json\/wp\/v2\/pages\/2414","targetHints":{"allow":["GET"]}}],"collection":[{"href":"https:\/\/pureazores.com\/pt\/wp-json\/wp\/v2\/pages"}],"about":[{"href":"https:\/\/pureazores.com\/pt\/wp-json\/wp\/v2\/types\/page"}],"author":[{"embeddable":true,"href":"https:\/\/pureazores.com\/pt\/wp-json\/wp\/v2\/users\/1"}],"replies":[{"embeddable":true,"href":"https:\/\/pureazores.com\/pt\/wp-json\/wp\/v2\/comments?post=2414"}],"version-history":[{"count":5,"href":"https:\/\/pureazores.com\/pt\/wp-json\/wp\/v2\/pages\/2414\/revisions"}],"predecessor-version":[{"id":4195,"href":"https:\/\/pureazores.com\/pt\/wp-json\/wp\/v2\/pages\/2414\/revisions\/4195"}],"wp:attachment":[{"href":"https:\/\/pureazores.com\/pt\/wp-json\/wp\/v2\/media?parent=2414"}],"curies":[{"name":"wp","href":"https:\/\/api.w.org\/{rel}","templated":true}]}}